{"id":9,"date":"2025-12-09T07:07:31","date_gmt":"2025-12-09T07:07:31","guid":{"rendered":"https:\/\/3chk.test01.hakneumarkt.com\/?page_id=9"},"modified":"2025-12-09T08:04:28","modified_gmt":"2025-12-09T08:04:28","slug":"willkommen-im-atelier9","status":"publish","type":"page","link":"https:\/\/3chk.test01.hakneumarkt.com\/","title":{"rendered":"Willkommen im atelier 9"},"content":{"rendered":"\n<div class=\"wp-block-columns is-layout-flex wp-container-core-columns-is-layout-9d6595d7 wp-block-columns-is-layout-flex\">\n<div class=\"wp-block-column is-layout-flow wp-block-column-is-layout-flow\">\n<figure class=\"wp-block-image size-full\"><img loading=\"lazy\" decoding=\"async\" width=\"700\" height=\"509\" src=\"https:\/\/3chk.test01.hakneumarkt.com\/wp-content\/uploads\/2025\/12\/willkommen.jpg\" alt=\"\" class=\"wp-image-24\" srcset=\"https:\/\/3chk.test01.hakneumarkt.com\/wp-content\/uploads\/2025\/12\/willkommen.jpg 700w, https:\/\/3chk.test01.hakneumarkt.com\/wp-content\/uploads\/2025\/12\/willkommen-300x218.jpg 300w\" sizes=\"auto, (max-width: 700px) 100vw, 700px\" \/><\/figure>\n<\/div>\n\n\n\n<div class=\"wp-block-column is-layout-flow wp-block-column-is-layout-flow\">\n<p>Im Atelier9 verschmelzen Handwerk, Kreativit\u00e4t und Genuss zu einer neuen Form der modernen Gastronomie. Inspiriert von der Atmosph\u00e4re eines K\u00fcnstlerateliers entstehen hier au\u00dfergew\u00f6hnliche Gerichte \u2013 fein komponiert, mutig interpretiert und mit einem Sinn f\u00fcr \u00c4sthetik, der \u00fcber den Teller hinausgeht.<\/p>\n\n\n\n<p>Jedes Men\u00fc ist eine Einladung, Geschmack neu zu entdecken. Regionale Zutaten treffen auf internationale Einfl\u00fcsse, pr\u00e4zise Technik auf spielerische Leichtigkeit. Das Ergebnis: kulinarische Kunstwerke, die nicht nur den Gaumen, sondern auch die Sinne ber\u00fchren.<\/p>\n<\/div>\n<\/div>\n\n\n\n<blockquote class=\"wp-block-quote is-layout-flow wp-block-quote-is-layout-flow\">\n<p><em>\u201cDie Entdeckung eines neuen Gerichts ist f\u00fcr das Gl\u00fcck der Menschheit von gr\u00f6\u00dferer Bedeutung als die Entdeckung eines neuen Sterns.\u201d<\/em><em><br>&nbsp;<\/em><em><sub>Jean Anthelme Brillat-Savarin<\/sub><\/em><\/p>\n<\/blockquote>\n\n\n\n<p class=\"has-text-align-center\"><strong>Wir sind ausgezeichnet:<\/strong><\/p>\n\n\n<div class=\"wp-block-image\">\n<figure class=\"aligncenter size-full is-resized\"><img loading=\"lazy\" decoding=\"async\" width=\"935\" height=\"514\" src=\"https:\/\/3chk.test01.hakneumarkt.com\/wp-content\/uploads\/2025\/12\/gaultmillaut.png\" alt=\"\" class=\"wp-image-11\" style=\"aspect-ratio:1.8192034374483557;width:267px;height:auto\" srcset=\"https:\/\/3chk.test01.hakneumarkt.com\/wp-content\/uploads\/2025\/12\/gaultmillaut.png 935w, https:\/\/3chk.test01.hakneumarkt.com\/wp-content\/uploads\/2025\/12\/gaultmillaut-300x165.png 300w, https:\/\/3chk.test01.hakneumarkt.com\/wp-content\/uploads\/2025\/12\/gaultmillaut-768x422.png 768w\" sizes=\"auto, (max-width: 935px) 100vw, 935px\" \/><\/figure>\n<\/div>\n\n\n<p><\/p>\n","protected":false},"excerpt":{"rendered":"<p>Im Atelier9 verschmelzen Handwerk, Kreativit\u00e4t und Genuss zu einer neuen Form der modernen Gastronomie. Inspiriert von der Atmosph\u00e4re eines K\u00fcnstlerateliers entstehen hier au\u00dfergew\u00f6hnliche Gerichte \u2013 fein komponiert, mutig interpretiert und mit einem Sinn f\u00fcr \u00c4sthetik, der \u00fcber den Teller hinausgeht. Jedes Men\u00fc ist eine Einladung, Geschmack neu zu entdecken. Regionale Zutaten treffen auf internationale Einfl\u00fcsse,&hellip;&nbsp;<a href=\"https:\/\/3chk.test01.hakneumarkt.com\/\" rel=\"bookmark\"><span class=\"screen-reader-text\">Willkommen im atelier 9<\/span><\/a><\/p>\n","protected":false},"author":1,"featured_media":23,"parent":0,"menu_order":0,"comment_status":"closed","ping_status":"closed","template":"","meta":{"neve_meta_sidebar":"","neve_meta_container":"","neve_meta_enable_content_width":"","neve_meta_content_width":0,"neve_meta_title_alignment":"","neve_meta_author_avatar":"","neve_post_elements_order":"","neve_meta_disable_header":"","neve_meta_disable_footer":"","neve_meta_disable_title":"","footnotes":""},"class_list":["post-9","page","type-page","status-publish","has-post-thumbnail","hentry"],"_links":{"self":[{"href":"https:\/\/3chk.test01.hakneumarkt.com\/index.php\/wp-json\/wp\/v2\/pages\/9","targetHints":{"allow":["GET"]}}],"collection":[{"href":"https:\/\/3chk.test01.hakneumarkt.com\/index.php\/wp-json\/wp\/v2\/pages"}],"about":[{"href":"https:\/\/3chk.test01.hakneumarkt.com\/index.php\/wp-json\/wp\/v2\/types\/page"}],"author":[{"embeddable":true,"href":"https:\/\/3chk.test01.hakneumarkt.com\/index.php\/wp-json\/wp\/v2\/users\/1"}],"replies":[{"embeddable":true,"href":"https:\/\/3chk.test01.hakneumarkt.com\/index.php\/wp-json\/wp\/v2\/comments?post=9"}],"version-history":[{"count":2,"href":"https:\/\/3chk.test01.hakneumarkt.com\/index.php\/wp-json\/wp\/v2\/pages\/9\/revisions"}],"predecessor-version":[{"id":56,"href":"https:\/\/3chk.test01.hakneumarkt.com\/index.php\/wp-json\/wp\/v2\/pages\/9\/revisions\/56"}],"wp:featuredmedia":[{"embeddable":true,"href":"https:\/\/3chk.test01.hakneumarkt.com\/index.php\/wp-json\/wp\/v2\/media\/23"}],"wp:attachment":[{"href":"https:\/\/3chk.test01.hakneumarkt.com\/index.php\/wp-json\/wp\/v2\/media?parent=9"}],"curies":[{"name":"wp","href":"https:\/\/api.w.org\/{rel}","templated":true}]}}